{"id":1739,"date":"2023-07-07T10:39:46","date_gmt":"2023-07-07T10:39:46","guid":{"rendered":"https:\/\/dentalartstudio.ca\/?page_id=1739"},"modified":"2023-07-28T07:37:36","modified_gmt":"2023-07-28T07:37:36","slug":"prettau-zirconia-bridges","status":"publish","type":"page","link":"https:\/\/dentalartstudio.ca\/fr\/prettau-zirconia-bridges\/","title":{"rendered":"Ponts en zircone Prettau"},"content":{"rendered":"<p><section data-bb-version=\"4.5.9\" id=\"bt_bb_section69e1333350a98\" class=\"bt_bb_section bt_bb_color_scheme_6 bt_bb_layout_boxed_1200 bt_bb_vertical_align_top bt_bb_bottom_section_coverage_image bt_bb_section_with_bottom_coverage_image bt_bb_top_spacing_medium bt_bb_bottom_spacing_none btCustomHeadlineSection\" style=\"; --section-primary-color:#ffffff; --section-secondary-color:#050606;\" data-bt-override-class=\"{&quot;bt_bb_top_spacing_&quot;:{&quot;current_class&quot;:&quot;bt_bb_top_spacing_medium&quot;,&quot;xxl&quot;:&quot;medium&quot;},&quot;bt_bb_bottom_spacing_&quot;:{&quot;current_class&quot;:&quot;bt_bb_bottom_spacing_none&quot;,&quot;xxl&quot;:&quot;none&quot;}}\"><div class=\"bt_bb_port\"><div class=\"bt_bb_cell\"><div class=\"bt_bb_cell_inner\"><div class=\"bt_bb_row\"  data-bt-override-class=\"{}\"><div class=\"bt_bb_row_holder\" ><div  class=\"bt_bb_column col-xxl-12 col-xl-12 col-xs-12 col-sm-12 col-md-12 col-lg-12 bt_bb_vertical_align_bottom bt_bb_align_left bt_bb_padding_normal\"  data-width=\"12\" data-bt-override-class=\"{}\"><div class=\"bt_bb_column_content\"><div data-bb-version=\"4.5.9\" class=\"bt_bb_separator bt_bb_border_style_none bt_bb_top_spacing_large bt_bb_bottom_spacing_medium\" data-bt-override-class=\"{&quot;bt_bb_top_spacing_&quot;:{&quot;current_class&quot;:&quot;bt_bb_top_spacing_large&quot;,&quot;xxl&quot;:&quot;large&quot;},&quot;bt_bb_bottom_spacing_&quot;:{&quot;current_class&quot;:&quot;bt_bb_bottom_spacing_medium&quot;,&quot;xxl&quot;:&quot;medium&quot;}}\"><\/div><header data-bb-version=\"4.5.9\" class=\"bt_bb_headline bt_bb_font_weight_bold bt_bb_subheadline_text_transform_default bt_bb_dash_none bt_bb_size_huge bt_bb_align_inherit bt_bb_dash_type_none\" data-bt-override-class=\"{&quot;bt_bb_size_&quot;:{&quot;current_class&quot;:&quot;bt_bb_size_huge&quot;,&quot;xxl&quot;:&quot;huge&quot;},&quot;bt_bb_align_&quot;:{&quot;current_class&quot;:&quot;bt_bb_align_inherit&quot;,&quot;xxl&quot;:&quot;inherit&quot;}}\"><h1 class=\"bt_bb_headline_tag\"><span class=\"bt_bb_headline_content\"><span><em><s>Ponts en zircone Prettau<\/s><\/em><\/span><\/span><\/h1><\/header><div class=\"bt_bb_separator bt_bb_border_style_none bt_bb_bottom_spacing_large\" data-bt-override-class=\"null\"><\/div><\/div><\/div><\/div><\/div><\/div><!-- cell_inner --><\/div><!-- cell --><\/div><!-- port --><div class=\"bt_bb_section_bottom_section_coverage_image\"><img decoding=\"async\" src=\"https:\/\/dentalartstudio.ca\/wp-content\/uploads\/2020\/01\/bottom-cover-2.png\" alt=\"bt_bb_section_bottom_section_coverage_image\" \/><\/div><\/section><section data-bb-version=\"4.6.0\" id=\"bt_bb_section69e1333350ed0\" class=\"bt_bb_section bt_bb_layout_boxed_1200 bt_bb_vertical_align_top bt_bb_top_spacing_large bt_bb_bottom_spacing_small bt_bb_section_show_right_boxed_content\"  data-bt-override-class=\"{&quot;bt_bb_top_spacing_&quot;:{&quot;current_class&quot;:&quot;bt_bb_top_spacing_large&quot;,&quot;xxl&quot;:&quot;large&quot;},&quot;bt_bb_bottom_spacing_&quot;:{&quot;current_class&quot;:&quot;bt_bb_bottom_spacing_small&quot;,&quot;xxl&quot;:&quot;small&quot;}}\"><div class=\"bt_bb_port\"><div class=\"bt_bb_cell\"><div class=\"bt_bb_cell_inner\"><div class=\"bt_bb_row\"  data-bt-override-class=\"{}\"><div class=\"bt_bb_row_holder\" ><div data-bb-version=\"4.5.9\"  class=\"bt_bb_column col-xxl-6 col-xl-6 col-xs-12 col-sm-6 col-md-6 col-lg-6 bt_bb_vertical_align_middle bt_bb_align_right bt_bb_padding_normal bt_bb_animation_fade_in animate\" style=\"position: relative;\" data-width=\"6\" data-bt-override-class=\"{&quot;bt_bb_align_&quot;:{&quot;current_class&quot;:&quot;bt_bb_align_right&quot;,&quot;xxl&quot;:&quot;right&quot;},&quot;bt_bb_padding_&quot;:{&quot;current_class&quot;:&quot;bt_bb_padding_normal&quot;,&quot;xxl&quot;:&quot;normal&quot;}}\"><div class=\"bt_bb_column_content\"><div data-bb-version=\"4.6.0\" class=\"bt_bb_image bt_bb_shape_square bt_bb_target_self bt_bb_align_inherit bt_bb_hover_style_simple bt_bb_content_display_always bt_bb_content_align_middle\" data-bt-override-class=\"{&quot;bt_bb_align_&quot;:{&quot;current_class&quot;:&quot;bt_bb_align_inherit&quot;,&quot;xxl&quot;:&quot;inherit&quot;}}\"><span><img loading=\"lazy\" decoding=\"async\" width=\"700\" height=\"700\" src=\"https:\/\/dentalartstudio.ca\/wp-content\/uploads\/2023\/07\/banner-Prettau-Zirconia-bridges-DAS-01.png\" class=\"attachment-full size-full\" alt=\"https:\/\/dentalartstudio.ca\/wp-content\/uploads\/2023\/07\/banner-Prettau-Zirconia-bridges-DAS-01.png\" data-full_image_src=\"https:\/\/dentalartstudio.ca\/wp-content\/uploads\/2023\/07\/banner-Prettau-Zirconia-bridges-DAS-01.png\" title=\"banner-Prettau-Zirconia-bridges-DAS-01\" srcset=\"https:\/\/dentalartstudio.ca\/wp-content\/uploads\/2023\/07\/banner-Prettau-Zirconia-bridges-DAS-01.png 700w, https:\/\/dentalartstudio.ca\/wp-content\/uploads\/2023\/07\/banner-Prettau-Zirconia-bridges-DAS-01-640x640.png 640w, https:\/\/dentalartstudio.ca\/wp-content\/uploads\/2023\/07\/banner-Prettau-Zirconia-bridges-DAS-01-160x160.png 160w, https:\/\/dentalartstudio.ca\/wp-content\/uploads\/2023\/07\/banner-Prettau-Zirconia-bridges-DAS-01-320x320.png 320w\" sizes=\"auto, (max-width: 700px) 100vw, 700px\" \/><\/span><\/div><div class=\"bt_bb_separator bt_bb_border_style_none bt_bb_bottom_spacing_normal\" data-bt-override-class=\"null\"><\/div><\/div><\/div><div  class=\"bt_bb_column col-xxl-6 col-xl-6 col-xs-12 col-sm-6 col-md-6 col-lg-6 bt_bb_vertical_align_middle bt_bb_align_left bt_bb_padding_double bt_bb_animation_fade_in animate\"  data-width=\"6\" data-bt-override-class=\"{}\"><div class=\"bt_bb_column_content\"><div  class=\"bt_bb_text\" ><\/p>\n<p>Les ponts Prettau Zirconia sont un type de pont dentaire fabriqu\u00e9 \u00e0 partir de zircone de haute qualit\u00e9, un type de mat\u00e9riau c\u00e9ramique connu pour sa r\u00e9sistance, sa durabilit\u00e9 et son aspect naturel. Ces ponts sont con\u00e7us pour remplacer une ou plusieurs dents manquantes et constituent un choix populaire pour les personnes qui souhaitent une solution durable et efficace \u00e0 leurs probl\u00e8mes dentaires.<\/p>\n<p>Les ponts Prettau Zirconia sont un type de pont dentaire fabriqu\u00e9 \u00e0 partir de zircone de haute qualit\u00e9, un type de mat\u00e9riau c\u00e9ramique connu pour sa r\u00e9sistance, sa durabilit\u00e9 et son aspect naturel. Ces ponts sont con\u00e7us pour remplacer une ou plusieurs dents manquantes et constituent un choix populaire pour les personnes qui souhaitent une solution durable et efficace \u00e0 leurs probl\u00e8mes dentaires.<\/p>\n<p>Un autre avantage des ponts Prettau Zirconia est leur aspect naturel. La zircone a une translucidit\u00e9 et une qualit\u00e9 r\u00e9fl\u00e9chissante similaires \u00e0 celles des dents naturelles, ce qui signifie que les ponts se fondent parfaitement avec les dents environnantes. Cela cr\u00e9e un beau sourire d\u2019apparence naturelle qui peut contribuer \u00e0 renforcer la confiance et l\u2019estime de soi.<\/p>\n<p>Le processus d'obtention d'un pont Prettau Zirconia implique g\u00e9n\u00e9ralement plusieurs rendez-vous avec un dentiste qualifi\u00e9. Lors du premier rendez-vous, le dentiste prendra des empreintes des dents et des gencives, qui serviront \u00e0 cr\u00e9er un pont sur mesure. Le pont est ensuite fabriqu\u00e9 dans un laboratoire dentaire \u00e0 l\u2019aide d\u2019une technologie avanc\u00e9e de conception et de fabrication assist\u00e9es par ordinateur (CAD\/CAM).<\/p>\n<p>Une fois le pont fabriqu\u00e9, il est ciment\u00e9 \u00e0 l\u2019aide d\u2019un adh\u00e9sif dentaire puissant. Le dentiste s\u2019assurera que le pont est correctement align\u00e9 et s\u2019adapte confortablement \u00e0 la bouche avant de finaliser le processus de collage.<\/p>\n<p>Dans l\u2019ensemble, les ponts Prettau Zirconia constituent une solution tr\u00e8s efficace et d\u2019apparence naturelle pour les personnes qui souhaitent remplacer des dents manquantes. Ils offrent une solution durable qui peut am\u00e9liorer l\u2019apparence et la fonction des dents, tout en conservant l\u2019apparence et la sensation de dents naturelles. Si vous \u00eates int\u00e9ress\u00e9 par les ponts Prettau Zirconia, parlez-en \u00e0 un dentiste qualifi\u00e9 pour savoir s'ils vous conviennent.<\/p>\n<p>\n<\/div><div class=\"bt_bb_separator bt_bb_border_style_none bt_bb_bottom_spacing_small\" data-bt-override-class=\"null\"><\/div><div class=\"bt_bb_separator bt_bb_border_style_none bt_bb_bottom_spacing_normal\" data-bt-override-class=\"null\"><\/div><\/div><\/div><\/div><\/div><\/div><!-- cell_inner --><\/div><!-- cell --><\/div><!-- port --><\/section><\/p>","protected":false},"excerpt":{"rendered":"<p>Proactively envisioned multimedia based expertise and cross-media growth strategies. Seamlessly visualize quality intellectual capital without superior collaboration and idea-sharing. Holistically pontificate installed base portals after maintainable products.<\/p>","protected":false},"author":1,"featured_media":0,"parent":0,"menu_order":0,"comment_status":"closed","ping_status":"closed","template":"","meta":{"footnotes":""},"class_list":["post-1739","page","type-page","status-publish","hentry"],"_links":{"self":[{"href":"https:\/\/dentalartstudio.ca\/fr\/wp-json\/wp\/v2\/pages\/1739","targetHints":{"allow":["GET"]}}],"collection":[{"href":"https:\/\/dentalartstudio.ca\/fr\/wp-json\/wp\/v2\/pages"}],"about":[{"href":"https:\/\/dentalartstudio.ca\/fr\/wp-json\/wp\/v2\/types\/page"}],"author":[{"embeddable":true,"href":"https:\/\/dentalartstudio.ca\/fr\/wp-json\/wp\/v2\/users\/1"}],"replies":[{"embeddable":true,"href":"https:\/\/dentalartstudio.ca\/fr\/wp-json\/wp\/v2\/comments?post=1739"}],"version-history":[{"count":22,"href":"https:\/\/dentalartstudio.ca\/fr\/wp-json\/wp\/v2\/pages\/1739\/revisions"}],"predecessor-version":[{"id":1936,"href":"https:\/\/dentalartstudio.ca\/fr\/wp-json\/wp\/v2\/pages\/1739\/revisions\/1936"}],"wp:attachment":[{"href":"https:\/\/dentalartstudio.ca\/fr\/wp-json\/wp\/v2\/media?parent=1739"}],"curies":[{"name":"wp","href":"https:\/\/api.w.org\/{rel}","templated":true}]}}