{"id":1756,"date":"2023-07-07T11:43:17","date_gmt":"2023-07-07T11:43:17","guid":{"rendered":"https:\/\/dentalartstudio.ca\/?page_id=1756"},"modified":"2023-07-12T23:28:12","modified_gmt":"2023-07-12T23:28:12","slug":"full-cast","status":"publish","type":"page","link":"https:\/\/dentalartstudio.ca\/fr\/full-cast\/","title":{"rendered":"Coule int\u00e9grale"},"content":{"rendered":"<p><section data-bb-version=\"4.5.9\" id=\"bt_bb_section69e1332041112\" class=\"bt_bb_section bt_bb_color_scheme_6 bt_bb_layout_boxed_1200 bt_bb_vertical_align_top bt_bb_bottom_section_coverage_image bt_bb_section_with_bottom_coverage_image bt_bb_top_spacing_medium bt_bb_bottom_spacing_none btCustomHeadlineSection\" style=\"; --section-primary-color:#ffffff; --section-secondary-color:#050606;\" data-bt-override-class=\"{&quot;bt_bb_top_spacing_&quot;:{&quot;current_class&quot;:&quot;bt_bb_top_spacing_medium&quot;,&quot;xxl&quot;:&quot;medium&quot;},&quot;bt_bb_bottom_spacing_&quot;:{&quot;current_class&quot;:&quot;bt_bb_bottom_spacing_none&quot;,&quot;xxl&quot;:&quot;none&quot;}}\"><div class=\"bt_bb_port\"><div class=\"bt_bb_cell\"><div class=\"bt_bb_cell_inner\"><div class=\"bt_bb_row\"  data-bt-override-class=\"{}\"><div class=\"bt_bb_row_holder\" ><div  class=\"bt_bb_column col-xxl-12 col-xl-12 col-xs-12 col-sm-12 col-md-12 col-lg-12 bt_bb_vertical_align_bottom bt_bb_align_left bt_bb_padding_normal\"  data-width=\"12\" data-bt-override-class=\"{}\"><div class=\"bt_bb_column_content\"><div data-bb-version=\"4.5.9\" class=\"bt_bb_separator bt_bb_border_style_none bt_bb_top_spacing_large bt_bb_bottom_spacing_medium\" data-bt-override-class=\"{&quot;bt_bb_top_spacing_&quot;:{&quot;current_class&quot;:&quot;bt_bb_top_spacing_large&quot;,&quot;xxl&quot;:&quot;large&quot;},&quot;bt_bb_bottom_spacing_&quot;:{&quot;current_class&quot;:&quot;bt_bb_bottom_spacing_medium&quot;,&quot;xxl&quot;:&quot;medium&quot;}}\"><\/div><header data-bb-version=\"4.5.9\" class=\"bt_bb_headline bt_bb_font_weight_bold bt_bb_subheadline_text_transform_default bt_bb_dash_none bt_bb_size_huge bt_bb_align_inherit bt_bb_dash_type_none\" data-bt-override-class=\"{&quot;bt_bb_size_&quot;:{&quot;current_class&quot;:&quot;bt_bb_size_huge&quot;,&quot;xxl&quot;:&quot;huge&quot;},&quot;bt_bb_align_&quot;:{&quot;current_class&quot;:&quot;bt_bb_align_inherit&quot;,&quot;xxl&quot;:&quot;inherit&quot;}}\"><h1 class=\"bt_bb_headline_tag\"><span class=\"bt_bb_headline_content\"><span><em><s>Coule int\u00e9grale<\/s><\/em><\/span><\/span><\/h1><\/header><div class=\"bt_bb_separator bt_bb_border_style_none bt_bb_bottom_spacing_large\" data-bt-override-class=\"null\"><\/div><\/div><\/div><\/div><\/div><\/div><!-- cell_inner --><\/div><!-- cell --><\/div><!-- port --><div class=\"bt_bb_section_bottom_section_coverage_image\"><img decoding=\"async\" src=\"https:\/\/dentalartstudio.ca\/wp-content\/uploads\/2020\/01\/bottom-cover-2.png\" alt=\"bt_bb_section_bottom_section_coverage_image\" \/><\/div><\/section><section data-bb-version=\"4.5.9\" id=\"bt_bb_section69e1332041586\" class=\"bt_bb_section bt_bb_layout_boxed_1200 bt_bb_vertical_align_top bt_bb_top_spacing_large bt_bb_bottom_spacing_medium bt_bb_section_show_right_boxed_content\"  data-bt-override-class=\"{&quot;bt_bb_top_spacing_&quot;:{&quot;current_class&quot;:&quot;bt_bb_top_spacing_large&quot;,&quot;xxl&quot;:&quot;large&quot;},&quot;bt_bb_bottom_spacing_&quot;:{&quot;current_class&quot;:&quot;bt_bb_bottom_spacing_medium&quot;,&quot;xxl&quot;:&quot;medium&quot;}}\"><div class=\"bt_bb_port\"><div class=\"bt_bb_cell\"><div class=\"bt_bb_cell_inner\"><div class=\"bt_bb_row\"  data-bt-override-class=\"{}\"><div class=\"bt_bb_row_holder\" ><div data-bb-version=\"4.5.9\"  class=\"bt_bb_column col-xxl-6 col-xl-6 col-xs-12 col-sm-6 col-md-6 col-lg-6 bt_bb_vertical_align_middle bt_bb_align_right bt_bb_padding_normal bt_bb_animation_fade_in animate\" style=\"position: relative;\" data-width=\"6\" data-bt-override-class=\"{&quot;bt_bb_align_&quot;:{&quot;current_class&quot;:&quot;bt_bb_align_right&quot;,&quot;xxl&quot;:&quot;right&quot;},&quot;bt_bb_padding_&quot;:{&quot;current_class&quot;:&quot;bt_bb_padding_normal&quot;,&quot;xxl&quot;:&quot;normal&quot;}}\"><div class=\"bt_bb_column_content\"><div data-bb-version=\"4.5.9\" class=\"bt_bb_image bt_bb_shape_square bt_bb_target_self bt_bb_align_inherit bt_bb_hover_style_simple bt_bb_content_display_always bt_bb_content_align_middle\" data-bt-override-class=\"{&quot;bt_bb_align_&quot;:{&quot;current_class&quot;:&quot;bt_bb_align_inherit&quot;,&quot;xxl&quot;:&quot;inherit&quot;}}\"><span><img loading=\"lazy\" decoding=\"async\" width=\"700\" height=\"700\" src=\"https:\/\/dentalartstudio.ca\/wp-content\/uploads\/2023\/07\/banner-Full-Cast.png\" class=\"attachment-full size-full\" alt=\"https:\/\/dentalartstudio.ca\/wp-content\/uploads\/2023\/07\/banner-Full-Cast.png\" data-full_image_src=\"https:\/\/dentalartstudio.ca\/wp-content\/uploads\/2023\/07\/banner-Full-Cast.png\" title=\"banner-Full-Cast\" srcset=\"https:\/\/dentalartstudio.ca\/wp-content\/uploads\/2023\/07\/banner-Full-Cast.png 700w, https:\/\/dentalartstudio.ca\/wp-content\/uploads\/2023\/07\/banner-Full-Cast-640x640.png 640w, https:\/\/dentalartstudio.ca\/wp-content\/uploads\/2023\/07\/banner-Full-Cast-160x160.png 160w, https:\/\/dentalartstudio.ca\/wp-content\/uploads\/2023\/07\/banner-Full-Cast-320x320.png 320w\" sizes=\"auto, (max-width: 700px) 100vw, 700px\" \/><\/span><\/div><div class=\"bt_bb_separator bt_bb_border_style_none bt_bb_bottom_spacing_normal\" data-bt-override-class=\"null\"><\/div><\/div><\/div><div  class=\"bt_bb_column col-xxl-6 col-xl-6 col-xs-12 col-sm-6 col-md-6 col-lg-6 bt_bb_vertical_align_middle bt_bb_align_left bt_bb_padding_double bt_bb_animation_fade_in animate\"  data-width=\"6\" data-bt-override-class=\"{}\"><div class=\"bt_bb_column_content\"><div  class=\"bt_bb_text\" ><\/p>\n<p>Chez Studio d'Art Dentaire, nous proposons une large gamme d'alliages pour r\u00e9pondre \u00e0 tous vos besoins en mati\u00e8re de restauration coul\u00e9e.<\/p>\n<p>Les restaurations en or jaune ont r\u00e9sist\u00e9 \u00e0 l\u2019\u00e9preuve du temps et sont tr\u00e8s appr\u00e9ci\u00e9es par les professionnels dentaires pour leur durabilit\u00e9, leur r\u00e9sistance et leur fonctionnalit\u00e9 exceptionnelles. Reconnu comme un choix intemporel, l\u2019or jaune est biocompatible avec les gencives, ce qui en fait une option id\u00e9ale pour les patients susceptibles d\u2019\u00eatre allergiques aux m\u00e9taux faiblement alli\u00e9s.<\/p>\n<p>Si vous recherchez une solution rentable et rentable, les restaurations en or blanc sont un excellent choix. Nous utilisons un alliage noble semi-pr\u00e9cieux qui incorpore une quantit\u00e9 g\u00e9n\u00e9reuse de palladium, ce qui donne une finition blanche brillante. Cela donne non seulement une apparence esth\u00e9tique, mais garantit \u00e9galement la r\u00e9sistance et la durabilit\u00e9 attendues d'une couronne enti\u00e8rement coul\u00e9e.<\/p>\n<p>Chez Studio d'Art Dentaire, nous comprenons l\u2019importance d\u2019offrir diverses options pour r\u00e9pondre \u00e0 vos besoins sp\u00e9cifiques. Que vous pr\u00e9f\u00e9riez l'attrait classique de l'or jaune ou la rentabilit\u00e9 de l'or blanc, notre \u00e9quipe se consacre \u00e0 vous fournir des restaurations de haute qualit\u00e9 qui r\u00e9pondent \u00e0 vos attentes et contribuent au succ\u00e8s de votre cabinet.<\/p>\n<p>\n<\/div><div class=\"bt_bb_separator bt_bb_border_style_none bt_bb_bottom_spacing_small\" data-bt-override-class=\"null\"><\/div><div class=\"bt_bb_separator bt_bb_border_style_none bt_bb_bottom_spacing_normal\" data-bt-override-class=\"null\"><\/div><\/div><\/div><\/div><\/div><\/div><!-- cell_inner --><\/div><!-- cell --><\/div><!-- port --><\/section><\/p>","protected":false},"excerpt":{"rendered":"<p>Proactively envisioned multimedia based expertise and cross-media growth strategies. Seamlessly visualize quality intellectual capital without superior collaboration and idea-sharing. Holistically pontificate installed base portals after maintainable products.<\/p>","protected":false},"author":1,"featured_media":0,"parent":0,"menu_order":0,"comment_status":"closed","ping_status":"closed","template":"","meta":{"footnotes":""},"class_list":["post-1756","page","type-page","status-publish","hentry"],"_links":{"self":[{"href":"https:\/\/dentalartstudio.ca\/fr\/wp-json\/wp\/v2\/pages\/1756","targetHints":{"allow":["GET"]}}],"collection":[{"href":"https:\/\/dentalartstudio.ca\/fr\/wp-json\/wp\/v2\/pages"}],"about":[{"href":"https:\/\/dentalartstudio.ca\/fr\/wp-json\/wp\/v2\/types\/page"}],"author":[{"embeddable":true,"href":"https:\/\/dentalartstudio.ca\/fr\/wp-json\/wp\/v2\/users\/1"}],"replies":[{"embeddable":true,"href":"https:\/\/dentalartstudio.ca\/fr\/wp-json\/wp\/v2\/comments?post=1756"}],"version-history":[{"count":2,"href":"https:\/\/dentalartstudio.ca\/fr\/wp-json\/wp\/v2\/pages\/1756\/revisions"}],"predecessor-version":[{"id":1864,"href":"https:\/\/dentalartstudio.ca\/fr\/wp-json\/wp\/v2\/pages\/1756\/revisions\/1864"}],"wp:attachment":[{"href":"https:\/\/dentalartstudio.ca\/fr\/wp-json\/wp\/v2\/media?parent=1756"}],"curies":[{"name":"wp","href":"https:\/\/api.w.org\/{rel}","templated":true}]}}