{"id":1975,"date":"2023-07-31T01:34:58","date_gmt":"2023-07-31T01:34:58","guid":{"rendered":"https:\/\/dentalartstudio.ca\/?page_id=1975"},"modified":"2023-08-01T18:11:31","modified_gmt":"2023-08-01T18:11:31","slug":"screw-retained","status":"publish","type":"page","link":"https:\/\/dentalartstudio.ca\/fr\/screw-retained\/","title":{"rendered":"Vis retenue"},"content":{"rendered":"<p><section data-bb-version=\"4.5.9\" id=\"bt_bb_section69e352e4671ca\" class=\"bt_bb_section bt_bb_color_scheme_6 bt_bb_layout_boxed_1200 bt_bb_vertical_align_top bt_bb_bottom_section_coverage_image bt_bb_section_with_bottom_coverage_image bt_bb_top_spacing_medium bt_bb_bottom_spacing_none btCustomHeadlineSection\" style=\"; --section-primary-color:#ffffff; --section-secondary-color:#050606;\" data-bt-override-class=\"{&quot;bt_bb_top_spacing_&quot;:{&quot;current_class&quot;:&quot;bt_bb_top_spacing_medium&quot;,&quot;xxl&quot;:&quot;medium&quot;},&quot;bt_bb_bottom_spacing_&quot;:{&quot;current_class&quot;:&quot;bt_bb_bottom_spacing_none&quot;,&quot;xxl&quot;:&quot;none&quot;}}\"><div class=\"bt_bb_port\"><div class=\"bt_bb_cell\"><div class=\"bt_bb_cell_inner\"><div class=\"bt_bb_row\"  data-bt-override-class=\"{}\"><div class=\"bt_bb_row_holder\" ><div  class=\"bt_bb_column col-xxl-12 col-xl-12 col-xs-12 col-sm-12 col-md-12 col-lg-12 bt_bb_vertical_align_bottom bt_bb_align_left bt_bb_padding_normal\"  data-width=\"12\" data-bt-override-class=\"{}\"><div class=\"bt_bb_column_content\"><div data-bb-version=\"4.5.9\" class=\"bt_bb_separator bt_bb_border_style_none bt_bb_top_spacing_large bt_bb_bottom_spacing_medium\" data-bt-override-class=\"{&quot;bt_bb_top_spacing_&quot;:{&quot;current_class&quot;:&quot;bt_bb_top_spacing_large&quot;,&quot;xxl&quot;:&quot;large&quot;},&quot;bt_bb_bottom_spacing_&quot;:{&quot;current_class&quot;:&quot;bt_bb_bottom_spacing_medium&quot;,&quot;xxl&quot;:&quot;medium&quot;}}\"><\/div><header data-bb-version=\"4.6.0\" class=\"bt_bb_headline bt_bb_font_weight_bold bt_bb_subheadline_text_transform_default bt_bb_dash_none bt_bb_size_huge bt_bb_align_inherit bt_bb_dash_type_none\" data-bt-override-class=\"{&quot;bt_bb_size_&quot;:{&quot;current_class&quot;:&quot;bt_bb_size_huge&quot;,&quot;xxl&quot;:&quot;huge&quot;},&quot;bt_bb_align_&quot;:{&quot;current_class&quot;:&quot;bt_bb_align_inherit&quot;,&quot;xxl&quot;:&quot;inherit&quot;}}\"><h1 class=\"bt_bb_headline_tag\"><span class=\"bt_bb_headline_content\"><span><em><s>Vis retenue<\/s><\/em><\/span><\/span><\/h1><\/header><div class=\"bt_bb_separator bt_bb_border_style_none bt_bb_bottom_spacing_large\" data-bt-override-class=\"null\"><\/div><\/div><\/div><\/div><\/div><\/div><!-- cell_inner --><\/div><!-- cell --><\/div><!-- port --><div class=\"bt_bb_section_bottom_section_coverage_image\"><img decoding=\"async\" src=\"https:\/\/dentalartstudio.ca\/wp-content\/uploads\/2020\/01\/bottom-cover-2.png\" alt=\"bt_bb_section_bottom_section_coverage_image\" \/><\/div><\/section><section data-bb-version=\"4.5.9\" id=\"bt_bb_section69e352e467696\" class=\"bt_bb_section bt_bb_layout_boxed_1200 bt_bb_vertical_align_top bt_bb_top_spacing_large bt_bb_bottom_spacing_medium bt_bb_section_show_right_boxed_content\"  data-bt-override-class=\"{&quot;bt_bb_top_spacing_&quot;:{&quot;current_class&quot;:&quot;bt_bb_top_spacing_large&quot;,&quot;xxl&quot;:&quot;large&quot;},&quot;bt_bb_bottom_spacing_&quot;:{&quot;current_class&quot;:&quot;bt_bb_bottom_spacing_medium&quot;,&quot;xxl&quot;:&quot;medium&quot;}}\"><div class=\"bt_bb_port\"><div class=\"bt_bb_cell\"><div class=\"bt_bb_cell_inner\"><div class=\"bt_bb_row\"  data-bt-override-class=\"{}\"><div class=\"bt_bb_row_holder\" ><div data-bb-version=\"4.5.9\"  class=\"bt_bb_column col-xxl-6 col-xl-6 col-xs-12 col-sm-6 col-md-6 col-lg-6 bt_bb_vertical_align_middle bt_bb_align_right bt_bb_padding_normal bt_bb_animation_fade_in animate\" style=\"position: relative;\" data-width=\"6\" data-bt-override-class=\"{&quot;bt_bb_align_&quot;:{&quot;current_class&quot;:&quot;bt_bb_align_right&quot;,&quot;xxl&quot;:&quot;right&quot;},&quot;bt_bb_padding_&quot;:{&quot;current_class&quot;:&quot;bt_bb_padding_normal&quot;,&quot;xxl&quot;:&quot;normal&quot;}}\"><div class=\"bt_bb_column_content\"><div data-bb-version=\"4.6.0\" class=\"bt_bb_image bt_bb_shape_square bt_bb_target_self bt_bb_align_inherit bt_bb_hover_style_simple bt_bb_content_display_always bt_bb_content_align_middle\" data-bt-override-class=\"{&quot;bt_bb_align_&quot;:{&quot;current_class&quot;:&quot;bt_bb_align_inherit&quot;,&quot;xxl&quot;:&quot;inherit&quot;}}\"><span><img loading=\"lazy\" decoding=\"async\" width=\"700\" height=\"700\" src=\"https:\/\/dentalartstudio.ca\/wp-content\/uploads\/2023\/08\/banner-Screw-Retained-DAS.png\" class=\"attachment-full size-full\" alt=\"https:\/\/dentalartstudio.ca\/wp-content\/uploads\/2023\/08\/banner-Screw-Retained-DAS.png\" data-full_image_src=\"https:\/\/dentalartstudio.ca\/wp-content\/uploads\/2023\/08\/banner-Screw-Retained-DAS.png\" title=\"banner-Screw-Retained-DAS\" srcset=\"https:\/\/dentalartstudio.ca\/wp-content\/uploads\/2023\/08\/banner-Screw-Retained-DAS.png 700w, https:\/\/dentalartstudio.ca\/wp-content\/uploads\/2023\/08\/banner-Screw-Retained-DAS-640x640.png 640w, https:\/\/dentalartstudio.ca\/wp-content\/uploads\/2023\/08\/banner-Screw-Retained-DAS-160x160.png 160w, https:\/\/dentalartstudio.ca\/wp-content\/uploads\/2023\/08\/banner-Screw-Retained-DAS-320x320.png 320w\" sizes=\"auto, (max-width: 700px) 100vw, 700px\" \/><\/span><\/div><div class=\"bt_bb_separator bt_bb_border_style_none bt_bb_bottom_spacing_normal\" data-bt-override-class=\"null\"><\/div><\/div><\/div><div  class=\"bt_bb_column col-xxl-6 col-xl-6 col-xs-12 col-sm-6 col-md-6 col-lg-6 bt_bb_vertical_align_middle bt_bb_align_left bt_bb_padding_double bt_bb_animation_fade_in animate\"  data-width=\"6\" data-bt-override-class=\"{}\"><div class=\"bt_bb_column_content\"><div  class=\"bt_bb_text\" ><\/p>\n<p>La restauration implantaire viss\u00e9e est une technique dentaire tr\u00e8s efficace et largement utilis\u00e9e pour remplacer les dents manquantes. Cette approche r\u00e9paratrice implique l\u2019utilisation d\u2019implants dentaires, qui sont des tiges en titane plac\u00e9es chirurgicalement dans la m\u00e2choire pour imiter la racine d\u2019une dent naturelle.<\/p>\n<p>Le processus commence par la pose de l'implant, o\u00f9 la tige en titane fusionne avec la m\u00e2choire au fil du temps gr\u00e2ce \u00e0 un processus appel\u00e9 ost\u00e9oint\u00e9gration. Une fois l\u2019implant enti\u00e8rement int\u00e9gr\u00e9, une couronne dentaire ou une proth\u00e8se personnalis\u00e9e est fabriqu\u00e9e pour remplacer la dent manquante.<\/p>\n<p>Contrairement aux restaurations scell\u00e9es traditionnelles, les restaurations implantaires viss\u00e9es ont l\u2019avantage d\u2019\u00eatre fermement fix\u00e9es en place avec une vis. Cette m\u00e9thode permet une r\u00e9cup\u00e9ration et un entretien faciles si n\u00e9cessaire, sans endommager la proth\u00e8se ou les dents environnantes.<\/p>\n<p>L'approche viss\u00e9e offre \u00e9galement une excellente stabilit\u00e9 et r\u00e9duit le risque d'infiltration bact\u00e9rienne entre l'implant et le pilier, minimisant ainsi le risque de complications et am\u00e9liorant la long\u00e9vit\u00e9 globale de la restauration.<\/p>\n<p>De plus, les restaurations implantaires viss\u00e9es offrent un aspect plus naturel puisque le trou d'acc\u00e8s \u00e0 la vis est discr\u00e8tement situ\u00e9 sur la surface de mastication ou \u00e0 l'int\u00e9rieur de la dent, garantissant qu'il reste pratiquement invisible.<\/p>\n<p>Dans l\u2019ensemble, la restauration implantaire viss\u00e9e est une solution fiable, durable et esth\u00e9tique pour les personnes cherchant \u00e0 retrouver leur sourire avec une proth\u00e8se dentaire fixe et durable.<\/p>\n<p>\n<\/div><div class=\"bt_bb_separator bt_bb_border_style_none bt_bb_bottom_spacing_small\" data-bt-override-class=\"null\"><\/div><div class=\"bt_bb_separator bt_bb_border_style_none bt_bb_bottom_spacing_normal\" data-bt-override-class=\"null\"><\/div><\/div><\/div><\/div><\/div><\/div><!-- cell_inner --><\/div><!-- cell --><\/div><!-- port --><\/section><\/p>","protected":false},"excerpt":{"rendered":"<p>Proactively envisioned multimedia based expertise and cross-media growth strategies. Seamlessly visualize quality intellectual capital without superior collaboration and idea-sharing. Holistically pontificate installed base portals after maintainable products.<\/p>","protected":false},"author":1,"featured_media":0,"parent":0,"menu_order":0,"comment_status":"closed","ping_status":"closed","template":"","meta":{"footnotes":""},"class_list":["post-1975","page","type-page","status-publish","hentry"],"_links":{"self":[{"href":"https:\/\/dentalartstudio.ca\/fr\/wp-json\/wp\/v2\/pages\/1975","targetHints":{"allow":["GET"]}}],"collection":[{"href":"https:\/\/dentalartstudio.ca\/fr\/wp-json\/wp\/v2\/pages"}],"about":[{"href":"https:\/\/dentalartstudio.ca\/fr\/wp-json\/wp\/v2\/types\/page"}],"author":[{"embeddable":true,"href":"https:\/\/dentalartstudio.ca\/fr\/wp-json\/wp\/v2\/users\/1"}],"replies":[{"embeddable":true,"href":"https:\/\/dentalartstudio.ca\/fr\/wp-json\/wp\/v2\/comments?post=1975"}],"version-history":[{"count":3,"href":"https:\/\/dentalartstudio.ca\/fr\/wp-json\/wp\/v2\/pages\/1975\/revisions"}],"predecessor-version":[{"id":2042,"href":"https:\/\/dentalartstudio.ca\/fr\/wp-json\/wp\/v2\/pages\/1975\/revisions\/2042"}],"wp:attachment":[{"href":"https:\/\/dentalartstudio.ca\/fr\/wp-json\/wp\/v2\/media?parent=1975"}],"curies":[{"name":"wp","href":"https:\/\/api.w.org\/{rel}","templated":true}]}}