{"id":1993,"date":"2023-07-31T18:00:55","date_gmt":"2023-07-31T18:00:55","guid":{"rendered":"https:\/\/dentalartstudio.ca\/?page_id=1993"},"modified":"2023-07-31T18:09:53","modified_gmt":"2023-07-31T18:09:53","slug":"digital-splint","status":"publish","type":"page","link":"https:\/\/dentalartstudio.ca\/fr\/digital-splint\/","title":{"rendered":"Attelle num\u00e9rique"},"content":{"rendered":"<p><section data-bb-version=\"4.5.9\" id=\"bt_bb_section69e13331f38e3\" class=\"bt_bb_section bt_bb_color_scheme_6 bt_bb_layout_boxed_1200 bt_bb_vertical_align_top bt_bb_bottom_section_coverage_image bt_bb_section_with_bottom_coverage_image bt_bb_top_spacing_medium bt_bb_bottom_spacing_none btCustomHeadlineSection\" style=\"; --section-primary-color:#ffffff; --section-secondary-color:#050606;\" data-bt-override-class=\"{&quot;bt_bb_top_spacing_&quot;:{&quot;current_class&quot;:&quot;bt_bb_top_spacing_medium&quot;,&quot;xxl&quot;:&quot;medium&quot;},&quot;bt_bb_bottom_spacing_&quot;:{&quot;current_class&quot;:&quot;bt_bb_bottom_spacing_none&quot;,&quot;xxl&quot;:&quot;none&quot;}}\"><div class=\"bt_bb_port\"><div class=\"bt_bb_cell\"><div class=\"bt_bb_cell_inner\"><div class=\"bt_bb_row\"  data-bt-override-class=\"{}\"><div class=\"bt_bb_row_holder\" ><div  class=\"bt_bb_column col-xxl-12 col-xl-12 col-xs-12 col-sm-12 col-md-12 col-lg-12 bt_bb_vertical_align_bottom bt_bb_align_left bt_bb_padding_normal\"  data-width=\"12\" data-bt-override-class=\"{}\"><div class=\"bt_bb_column_content\"><div data-bb-version=\"4.5.9\" class=\"bt_bb_separator bt_bb_border_style_none bt_bb_top_spacing_large bt_bb_bottom_spacing_medium\" data-bt-override-class=\"{&quot;bt_bb_top_spacing_&quot;:{&quot;current_class&quot;:&quot;bt_bb_top_spacing_large&quot;,&quot;xxl&quot;:&quot;large&quot;},&quot;bt_bb_bottom_spacing_&quot;:{&quot;current_class&quot;:&quot;bt_bb_bottom_spacing_medium&quot;,&quot;xxl&quot;:&quot;medium&quot;}}\"><\/div><header data-bb-version=\"4.6.0\" class=\"bt_bb_headline bt_bb_font_weight_bold bt_bb_subheadline_text_transform_default bt_bb_dash_none bt_bb_size_huge bt_bb_align_inherit bt_bb_dash_type_none\" data-bt-override-class=\"{&quot;bt_bb_size_&quot;:{&quot;current_class&quot;:&quot;bt_bb_size_huge&quot;,&quot;xxl&quot;:&quot;huge&quot;},&quot;bt_bb_align_&quot;:{&quot;current_class&quot;:&quot;bt_bb_align_inherit&quot;,&quot;xxl&quot;:&quot;inherit&quot;}}\"><h1 class=\"bt_bb_headline_tag\"><span class=\"bt_bb_headline_content\"><span><em><s>Attelle num\u00e9rique<\/s><\/em><\/span><\/span><\/h1><\/header><div class=\"bt_bb_separator bt_bb_border_style_none bt_bb_bottom_spacing_large\" data-bt-override-class=\"null\"><\/div><\/div><\/div><\/div><\/div><\/div><!-- cell_inner --><\/div><!-- cell --><\/div><!-- port --><div class=\"bt_bb_section_bottom_section_coverage_image\"><img decoding=\"async\" src=\"https:\/\/dentalartstudio.ca\/wp-content\/uploads\/2020\/01\/bottom-cover-2.png\" alt=\"bt_bb_section_bottom_section_coverage_image\" \/><\/div><\/section><section data-bb-version=\"4.5.9\" id=\"bt_bb_section69e13331f3c1a\" class=\"bt_bb_section bt_bb_layout_boxed_1200 bt_bb_vertical_align_top bt_bb_top_spacing_large bt_bb_bottom_spacing_medium bt_bb_section_show_right_boxed_content\"  data-bt-override-class=\"{&quot;bt_bb_top_spacing_&quot;:{&quot;current_class&quot;:&quot;bt_bb_top_spacing_large&quot;,&quot;xxl&quot;:&quot;large&quot;},&quot;bt_bb_bottom_spacing_&quot;:{&quot;current_class&quot;:&quot;bt_bb_bottom_spacing_medium&quot;,&quot;xxl&quot;:&quot;medium&quot;}}\"><div class=\"bt_bb_port\"><div class=\"bt_bb_cell\"><div class=\"bt_bb_cell_inner\"><div class=\"bt_bb_row\"  data-bt-override-class=\"{}\"><div class=\"bt_bb_row_holder\" ><div data-bb-version=\"4.5.9\"  class=\"bt_bb_column col-xxl-6 col-xl-6 col-xs-12 col-sm-6 col-md-6 col-lg-6 bt_bb_vertical_align_middle bt_bb_align_right bt_bb_padding_normal bt_bb_animation_fade_in animate\" style=\"position: relative;\" data-width=\"6\" data-bt-override-class=\"{&quot;bt_bb_align_&quot;:{&quot;current_class&quot;:&quot;bt_bb_align_right&quot;,&quot;xxl&quot;:&quot;right&quot;},&quot;bt_bb_padding_&quot;:{&quot;current_class&quot;:&quot;bt_bb_padding_normal&quot;,&quot;xxl&quot;:&quot;normal&quot;}}\"><div class=\"bt_bb_column_content\"><div data-bb-version=\"4.6.0\" class=\"bt_bb_image bt_bb_shape_square bt_bb_target_self bt_bb_align_inherit bt_bb_hover_style_simple bt_bb_content_display_always bt_bb_content_align_middle\" data-bt-override-class=\"{&quot;bt_bb_align_&quot;:{&quot;current_class&quot;:&quot;bt_bb_align_inherit&quot;,&quot;xxl&quot;:&quot;inherit&quot;}}\"><span><img loading=\"lazy\" decoding=\"async\" width=\"700\" height=\"700\" src=\"https:\/\/dentalartstudio.ca\/wp-content\/uploads\/2023\/07\/banner-Digital-Splint-DAS.png\" class=\"attachment-full size-full\" alt=\"https:\/\/dentalartstudio.ca\/wp-content\/uploads\/2023\/07\/banner-Digital-Splint-DAS.png\" data-full_image_src=\"https:\/\/dentalartstudio.ca\/wp-content\/uploads\/2023\/07\/banner-Digital-Splint-DAS.png\" title=\"banner-Digital-Splint-DAS\" srcset=\"https:\/\/dentalartstudio.ca\/wp-content\/uploads\/2023\/07\/banner-Digital-Splint-DAS.png 700w, https:\/\/dentalartstudio.ca\/wp-content\/uploads\/2023\/07\/banner-Digital-Splint-DAS-640x640.png 640w, https:\/\/dentalartstudio.ca\/wp-content\/uploads\/2023\/07\/banner-Digital-Splint-DAS-160x160.png 160w, https:\/\/dentalartstudio.ca\/wp-content\/uploads\/2023\/07\/banner-Digital-Splint-DAS-320x320.png 320w\" sizes=\"auto, (max-width: 700px) 100vw, 700px\" \/><\/span><\/div><div class=\"bt_bb_separator bt_bb_border_style_none bt_bb_bottom_spacing_normal\" data-bt-override-class=\"null\"><\/div><\/div><\/div><div  class=\"bt_bb_column col-xxl-6 col-xl-6 col-xs-12 col-sm-6 col-md-6 col-lg-6 bt_bb_vertical_align_middle bt_bb_align_left bt_bb_padding_double bt_bb_animation_fade_in animate\"  data-width=\"6\" data-bt-override-class=\"{}\"><div class=\"bt_bb_column_content\"><div  class=\"bt_bb_text\" ><\/p>\n<p>Une attelle de morsure num\u00e9rique est un appareil dentaire innovant et sophistiqu\u00e9 con\u00e7u pour r\u00e9soudre les probl\u00e8mes li\u00e9s \u00e0 la malocclusion, au bruxisme et aux troubles de l'articulation temporo-mandibulaire (ATM). Contrairement aux attelles de morsure traditionnelles, qui sont fabriqu\u00e9es manuellement \u00e0 l'aide d'empreintes physiques, les attelles de morsure num\u00e9riques sont cr\u00e9\u00e9es \u00e0 l'aide d'une technologie avanc\u00e9e de conception et de fabrication assist\u00e9es par ordinateur (CAO\/FAO).<\/p>\n<p>Le processus commence lorsque le dentiste prend des num\u00e9risations num\u00e9riques des dents du patient \u00e0 l\u2019aide de scanners intra-oraux. Ces images de haute pr\u00e9cision sont ensuite t\u00e9l\u00e9charg\u00e9es dans un logiciel sp\u00e9cialis\u00e9, permettant une analyse d\u00e9taill\u00e9e de la morsure et de l\u2019occlusion du patient. Le logiciel peut identifier les zones de d\u00e9salignement, de contacts inappropri\u00e9s ou de forces de morsure anormales.<\/p>\n<p>\u00c0 l\u2019aide des donn\u00e9es num\u00e9riques, le dentiste peut cr\u00e9er un mod\u00e8le virtuel de l\u2019occlusion du patient et concevoir une attelle de morsure sur mesure qui s\u2019adapte pr\u00e9cis\u00e9ment \u00e0 son anatomie dentaire unique. Cette approche num\u00e9rique garantit un ajustement tr\u00e8s pr\u00e9cis et confortable, ce qui peut conduire \u00e0 une meilleure observance du patient et aux r\u00e9sultats du traitement.<\/p>\n<p>Une fois la conception termin\u00e9e, l'attelle de morsure num\u00e9rique est fabriqu\u00e9e \u00e0 l'aide de fraiseuses de pointe ou d'imprimantes 3D. L'utilisation de mat\u00e9riaux de haute qualit\u00e9, tels que des r\u00e9sines de qualit\u00e9 m\u00e9dicale ou des polym\u00e8res biocompatibles, garantit durabilit\u00e9 et r\u00e9sistance \u00e0 l'usure \u00e0 long terme.<\/p>\n<p>Les goutti\u00e8res num\u00e9riques offrent plusieurs avantages par rapport aux goutti\u00e8res traditionnelles. Leur ajustement pr\u00e9cis aide \u00e0 r\u00e9partir uniform\u00e9ment les forces de morsure, r\u00e9duisant ainsi le risque d'usure dentaire, ainsi que les tensions musculaires associ\u00e9es au bruxisme. De plus, ils peuvent soulager efficacement les sympt\u00f4mes des troubles de l\u2019ATM en favorisant une morsure plus \u00e9quilibr\u00e9e et plus stable.<\/p>\n<p>De plus, les attelles de morsure num\u00e9riques permettent une planification de traitement efficace et rationalis\u00e9e. Les dentistes peuvent facilement apporter des ajustements \u00e0 la conception de l\u2019attelle, si n\u00e9cessaire, sans avoir besoin d\u2019empreintes physiques suppl\u00e9mentaires, ce qui r\u00e9duit le temps pass\u00e9 au fauteuil et am\u00e9liore le confort du patient.<\/p>\n<p>En conclusion, les attelles occlusales num\u00e9riques repr\u00e9sentent une avanc\u00e9e significative dans la technologie dentaire, offrant des solutions pr\u00e9cises, personnalis\u00e9es et efficaces aux patients souffrant de probl\u00e8mes occlusaux et li\u00e9s aux ATM. Gr\u00e2ce \u00e0 leur capacit\u00e9 \u00e0 favoriser un bon alignement et \u00e0 minimiser les effets du grincement des dents, les goutti\u00e8res num\u00e9riques contribuent \u00e0 la sant\u00e9 bucco-dentaire globale et \u00e0 l\u2019am\u00e9lioration de la qualit\u00e9 de vie des patients.<\/p>\n<p>\n<\/div><div class=\"bt_bb_separator bt_bb_border_style_none bt_bb_bottom_spacing_small\" data-bt-override-class=\"null\"><\/div><div class=\"bt_bb_separator bt_bb_border_style_none bt_bb_bottom_spacing_normal\" data-bt-override-class=\"null\"><\/div><\/div><\/div><\/div><\/div><\/div><!-- cell_inner --><\/div><!-- cell --><\/div><!-- port --><\/section><\/p>","protected":false},"excerpt":{"rendered":"<p>Proactively envisioned multimedia based expertise and cross-media growth strategies. Seamlessly visualize quality intellectual capital without superior collaboration and idea-sharing. Holistically pontificate installed base portals after maintainable products.<\/p>","protected":false},"author":1,"featured_media":0,"parent":0,"menu_order":0,"comment_status":"closed","ping_status":"closed","template":"","meta":{"footnotes":""},"class_list":["post-1993","page","type-page","status-publish","hentry"],"_links":{"self":[{"href":"https:\/\/dentalartstudio.ca\/fr\/wp-json\/wp\/v2\/pages\/1993","targetHints":{"allow":["GET"]}}],"collection":[{"href":"https:\/\/dentalartstudio.ca\/fr\/wp-json\/wp\/v2\/pages"}],"about":[{"href":"https:\/\/dentalartstudio.ca\/fr\/wp-json\/wp\/v2\/types\/page"}],"author":[{"embeddable":true,"href":"https:\/\/dentalartstudio.ca\/fr\/wp-json\/wp\/v2\/users\/1"}],"replies":[{"embeddable":true,"href":"https:\/\/dentalartstudio.ca\/fr\/wp-json\/wp\/v2\/comments?post=1993"}],"version-history":[{"count":2,"href":"https:\/\/dentalartstudio.ca\/fr\/wp-json\/wp\/v2\/pages\/1993\/revisions"}],"predecessor-version":[{"id":1997,"href":"https:\/\/dentalartstudio.ca\/fr\/wp-json\/wp\/v2\/pages\/1993\/revisions\/1997"}],"wp:attachment":[{"href":"https:\/\/dentalartstudio.ca\/fr\/wp-json\/wp\/v2\/media?parent=1993"}],"curies":[{"name":"wp","href":"https:\/\/api.w.org\/{rel}","templated":true}]}}