{"id":2053,"date":"2024-02-29T16:22:16","date_gmt":"2024-02-29T16:22:16","guid":{"rendered":"https:\/\/dentalartstudio.ca\/?page_id=2053"},"modified":"2024-02-29T16:22:16","modified_gmt":"2024-02-29T16:22:16","slug":"titanium-custom-abutment","status":"publish","type":"page","link":"https:\/\/dentalartstudio.ca\/fr\/titanium-custom-abutment\/","title":{"rendered":"Armature Personnalis\u00e9e en Titane"},"content":{"rendered":"<p><section data-bb-version=\"4.5.9\" id=\"bt_bb_section69e3530f5e59d\" class=\"bt_bb_section bt_bb_color_scheme_6 bt_bb_layout_boxed_1200 bt_bb_vertical_align_top bt_bb_bottom_section_coverage_image bt_bb_section_with_bottom_coverage_image bt_bb_top_spacing_medium bt_bb_bottom_spacing_none btCustomHeadlineSection\" style=\"; --section-primary-color:#ffffff; --section-secondary-color:#050606;\" data-bt-override-class=\"{&quot;bt_bb_top_spacing_&quot;:{&quot;current_class&quot;:&quot;bt_bb_top_spacing_medium&quot;,&quot;xxl&quot;:&quot;medium&quot;},&quot;bt_bb_bottom_spacing_&quot;:{&quot;current_class&quot;:&quot;bt_bb_bottom_spacing_none&quot;,&quot;xxl&quot;:&quot;none&quot;}}\"><div class=\"bt_bb_port\"><div class=\"bt_bb_cell\"><div class=\"bt_bb_cell_inner\"><div class=\"bt_bb_row\"  data-bt-override-class=\"{}\"><div class=\"bt_bb_row_holder\" ><div  class=\"bt_bb_column col-xxl-12 col-xl-12 col-xs-12 col-sm-12 col-md-12 col-lg-12 bt_bb_vertical_align_bottom bt_bb_align_left bt_bb_padding_normal\"  data-width=\"12\" data-bt-override-class=\"{}\"><div class=\"bt_bb_column_content\"><div data-bb-version=\"4.5.9\" class=\"bt_bb_separator bt_bb_border_style_none bt_bb_top_spacing_large bt_bb_bottom_spacing_medium\" data-bt-override-class=\"{&quot;bt_bb_top_spacing_&quot;:{&quot;current_class&quot;:&quot;bt_bb_top_spacing_large&quot;,&quot;xxl&quot;:&quot;large&quot;},&quot;bt_bb_bottom_spacing_&quot;:{&quot;current_class&quot;:&quot;bt_bb_bottom_spacing_medium&quot;,&quot;xxl&quot;:&quot;medium&quot;}}\"><\/div><header data-bb-version=\"4.8.4\" class=\"bt_bb_headline bt_bb_font_weight_bold bt_bb_subheadline_text_transform_default bt_bb_dash_none bt_bb_size_huge bt_bb_align_inherit bt_bb_dash_type_none\" data-bt-override-class=\"{&quot;bt_bb_size_&quot;:{&quot;current_class&quot;:&quot;bt_bb_size_huge&quot;,&quot;xxl&quot;:&quot;huge&quot;},&quot;bt_bb_align_&quot;:{&quot;current_class&quot;:&quot;bt_bb_align_inherit&quot;,&quot;xxl&quot;:&quot;inherit&quot;}}\"><h1 class=\"bt_bb_headline_tag\"><span class=\"bt_bb_headline_content\"><span><em><s>Armature Personnalis\u00e9e en Titane<\/s><\/em><\/span><\/span><\/h1><\/header><div class=\"bt_bb_separator bt_bb_border_style_none bt_bb_bottom_spacing_large\" data-bt-override-class=\"null\"><\/div><\/div><\/div><\/div><\/div><\/div><!-- cell_inner --><\/div><!-- cell --><\/div><!-- port --><div class=\"bt_bb_section_bottom_section_coverage_image\"><img decoding=\"async\" src=\"https:\/\/dentalartstudio.ca\/wp-content\/uploads\/2020\/01\/bottom-cover-2.png\" alt=\"bt_bb_section_bottom_section_coverage_image\" \/><\/div><\/section><section data-bb-version=\"4.5.9\" id=\"bt_bb_section69e3530f5e8cc\" class=\"bt_bb_section bt_bb_layout_boxed_1200 bt_bb_vertical_align_top bt_bb_top_spacing_large bt_bb_bottom_spacing_medium bt_bb_section_show_right_boxed_content\"  data-bt-override-class=\"{&quot;bt_bb_top_spacing_&quot;:{&quot;current_class&quot;:&quot;bt_bb_top_spacing_large&quot;,&quot;xxl&quot;:&quot;large&quot;},&quot;bt_bb_bottom_spacing_&quot;:{&quot;current_class&quot;:&quot;bt_bb_bottom_spacing_medium&quot;,&quot;xxl&quot;:&quot;medium&quot;}}\"><div class=\"bt_bb_port\"><div class=\"bt_bb_cell\"><div class=\"bt_bb_cell_inner\"><div class=\"bt_bb_row\"  data-bt-override-class=\"{}\"><div class=\"bt_bb_row_holder\" ><div data-bb-version=\"4.5.9\"  class=\"bt_bb_column col-xxl-6 col-xl-6 col-xs-12 col-sm-6 col-md-6 col-lg-6 bt_bb_vertical_align_middle bt_bb_align_right bt_bb_padding_normal bt_bb_animation_fade_in animate\" style=\"position: relative;\" data-width=\"6\" data-bt-override-class=\"{&quot;bt_bb_align_&quot;:{&quot;current_class&quot;:&quot;bt_bb_align_right&quot;,&quot;xxl&quot;:&quot;right&quot;},&quot;bt_bb_padding_&quot;:{&quot;current_class&quot;:&quot;bt_bb_padding_normal&quot;,&quot;xxl&quot;:&quot;normal&quot;}}\"><div class=\"bt_bb_column_content\"><div data-bb-version=\"4.8.4\" class=\"bt_bb_image bt_bb_shape_square bt_bb_target_self bt_bb_align_inherit bt_bb_hover_style_simple bt_bb_content_display_always bt_bb_content_align_middle\" data-bt-override-class=\"{&quot;bt_bb_align_&quot;:{&quot;current_class&quot;:&quot;bt_bb_align_inherit&quot;,&quot;xxl&quot;:&quot;inherit&quot;},&quot;bt_bb_content_display_&quot;:{&quot;current_class&quot;:&quot;bt_bb_content_display_always&quot;,&quot;xxl&quot;:&quot;always&quot;}}\"><span><img loading=\"lazy\" decoding=\"async\" width=\"700\" height=\"700\" src=\"https:\/\/dentalartstudio.ca\/wp-content\/uploads\/2024\/02\/Titanium-Custom-Abutment-1.png\" class=\"attachment-full size-full\" alt=\"https:\/\/dentalartstudio.ca\/wp-content\/uploads\/2024\/02\/Titanium-Custom-Abutment-1.png\" data-full_image_src=\"https:\/\/dentalartstudio.ca\/wp-content\/uploads\/2024\/02\/Titanium-Custom-Abutment-1.png\" title=\"Titanium-Custom-Abutment\" srcset=\"https:\/\/dentalartstudio.ca\/wp-content\/uploads\/2024\/02\/Titanium-Custom-Abutment-1.png 700w, https:\/\/dentalartstudio.ca\/wp-content\/uploads\/2024\/02\/Titanium-Custom-Abutment-1-640x640.png 640w, https:\/\/dentalartstudio.ca\/wp-content\/uploads\/2024\/02\/Titanium-Custom-Abutment-1-160x160.png 160w, https:\/\/dentalartstudio.ca\/wp-content\/uploads\/2024\/02\/Titanium-Custom-Abutment-1-320x320.png 320w\" sizes=\"auto, (max-width: 700px) 100vw, 700px\" \/><\/span><\/div><div class=\"bt_bb_separator bt_bb_border_style_none bt_bb_bottom_spacing_normal\" data-bt-override-class=\"null\"><\/div><\/div><\/div><div  class=\"bt_bb_column col-xxl-6 col-xl-6 col-xs-12 col-sm-6 col-md-6 col-lg-6 bt_bb_vertical_align_middle bt_bb_align_left bt_bb_padding_double bt_bb_animation_fade_in animate\"  data-width=\"6\" data-bt-override-class=\"{}\"><div class=\"bt_bb_column_content\"><div  class=\"bt_bb_text\" ><\/p>\n<p>Une armature personnalis\u00e9e en titane est une composante fabriqu\u00e9e avec pr\u00e9cision utilis\u00e9e dans les proc\u00e9dures d\u2019implant dentaire. Elle est con\u00e7ue sur mesure pour s\u2019adapter \u00e0 l\u2019anatomie buccale unique d\u2019un patient, garantissant une connexion ajust\u00e9e et s\u00e9curis\u00e9e entre l\u2019implant et la restauration finale. Le titane est choisi pour sa biocompatibilit\u00e9 et sa r\u00e9sistance, ce qui en fait un mat\u00e9riau id\u00e9al pour des solutions dentaires durables. Les piliers personnalis\u00e9s jouent un r\u00f4le crucial dans l\u2019obtention du succ\u00e8s fonctionnel et esth\u00e9tique en dentisterie implantaire.<\/p>\n<p>\u2022 Ajustement pr\u00e9cis\u00a0: les armatures personnalis\u00e9es sont m\u00e9ticuleusement con\u00e7ues pour correspondre \u00e0 l'anatomie sp\u00e9cifique du patient, garantissant un ajustement parfait. Cette pr\u00e9cision minimise le risque de complications et am\u00e9liore la stabilit\u00e9 de l\u2019implant.<br \/>\n\u2022 Biocompatibilit\u00e9 : Le titane est biocompatible, c'est-\u00e0-dire qu'il est bien tol\u00e9r\u00e9 par l'organisme. Ce mat\u00e9riau favorise l'int\u00e9gration des tissus et r\u00e9duit les risques de r\u00e9actions allergiques ou d'inflammation.<br \/>\n\u2022 Solidit\u00e9 et durabilit\u00e9 : Le titane est r\u00e9put\u00e9 pour sa solidit\u00e9 exceptionnelle et sa r\u00e9sistance \u00e0 la corrosion. Les piliers personnalis\u00e9s en titane offrent un soutien durable \u00e0 la dent ou \u00e0 la couronne proth\u00e9tique.<br \/>\n\u2022 Polyvalence esth\u00e9tique : Ces armatures peuvent \u00eatre personnalis\u00e9es non seulement pour leur ajustement mais \u00e9galement pour leur esth\u00e9tique. Les proth\u00e9sistes dentaires peuvent cr\u00e9er des piliers qui correspondent \u00e0 la couleur et \u00e0 la forme des dents environnantes, garantissant ainsi une apparence naturelle et attrayante.<br \/>\n\u2022 Sant\u00e9 des gencives am\u00e9lior\u00e9e : L'ajustement pr\u00e9cis et la biocompatibilit\u00e9 des armatures personnalis\u00e9es en titane aident \u00e0 maintenir un tissu de gencive sain autour de l'implant, r\u00e9duisant ainsi le risque de complications li\u00e9es aux gencives.<br \/>\n\u2022 Temps r\u00e9duit au fauteuil : les armatures personnalis\u00e9es rationalisent le processus de restauration implantaire, r\u00e9duisant potentiellement le nombre de rendez-vous requis et minimisant l'inconfort du patient.<br \/>\n\u2022 Succ\u00e8s am\u00e9lior\u00e9 \u00e0 long terme\u00a0: en optimisant l'ajustement, la fonction et l'esth\u00e9tique, les piliers personnalis\u00e9s en titane contribuent au succ\u00e8s global et \u00e0 la long\u00e9vit\u00e9 des traitements implantaires dentaires.<\/p>\n<p>En r\u00e9sum\u00e9, les avantages de conception des armatures personnalis\u00e9es en titane jouent un r\u00f4le central dans l\u2019obtention de r\u00e9sultats d\u2019implants dentaires r\u00e9ussis et durables.<\/p>\n<p>\n<\/div><div class=\"bt_bb_separator bt_bb_border_style_none bt_bb_bottom_spacing_small\" data-bt-override-class=\"null\"><\/div><div class=\"bt_bb_separator bt_bb_border_style_none bt_bb_bottom_spacing_normal\" data-bt-override-class=\"null\"><\/div><\/div><\/div><\/div><\/div><\/div><!-- cell_inner --><\/div><!-- cell --><\/div><!-- port --><\/section><\/p>","protected":false},"excerpt":{"rendered":"<p>Proactively envisioned multimedia based expertise and cross-media growth strategies. Seamlessly visualize quality intellectual capital without superior collaboration and idea-sharing. Holistically pontificate installed base portals after maintainable products.<\/p>","protected":false},"author":1,"featured_media":0,"parent":0,"menu_order":0,"comment_status":"closed","ping_status":"closed","template":"","meta":{"footnotes":""},"class_list":["post-2053","page","type-page","status-publish","hentry"],"_links":{"self":[{"href":"https:\/\/dentalartstudio.ca\/fr\/wp-json\/wp\/v2\/pages\/2053","targetHints":{"allow":["GET"]}}],"collection":[{"href":"https:\/\/dentalartstudio.ca\/fr\/wp-json\/wp\/v2\/pages"}],"about":[{"href":"https:\/\/dentalartstudio.ca\/fr\/wp-json\/wp\/v2\/types\/page"}],"author":[{"embeddable":true,"href":"https:\/\/dentalartstudio.ca\/fr\/wp-json\/wp\/v2\/users\/1"}],"replies":[{"embeddable":true,"href":"https:\/\/dentalartstudio.ca\/fr\/wp-json\/wp\/v2\/comments?post=2053"}],"version-history":[{"count":1,"href":"https:\/\/dentalartstudio.ca\/fr\/wp-json\/wp\/v2\/pages\/2053\/revisions"}],"predecessor-version":[{"id":2055,"href":"https:\/\/dentalartstudio.ca\/fr\/wp-json\/wp\/v2\/pages\/2053\/revisions\/2055"}],"wp:attachment":[{"href":"https:\/\/dentalartstudio.ca\/fr\/wp-json\/wp\/v2\/media?parent=2053"}],"curies":[{"name":"wp","href":"https:\/\/api.w.org\/{rel}","templated":true}]}}